{"id":9,"date":"2025-09-25T12:23:48","date_gmt":"2025-09-25T12:23:48","guid":{"rendered":"https:\/\/opacksrl.it\/?page_id=9"},"modified":"2025-09-26T09:17:00","modified_gmt":"2025-09-26T09:17:00","slug":"homepage","status":"publish","type":"page","link":"https:\/\/opacksrl.it\/index.php\/homepage\/","title":{"rendered":"homepage"},"content":{"rendered":"\t\t<div data-elementor-type=\"wp-post\" data-elementor-id=\"9\" class=\"elementor elementor-9\" data-elementor-post-type=\"page\">\n\t\t\t\t<div class=\"elementor-element elementor-element-d473e25 e-con-full e-flex e-con e-parent\" data-id=\"d473e25\" data-element_type=\"container\" data-e-type=\"container\">\n\t\t\t\t<div class=\"elementor-element elementor-element-23ed810 elementor-widget elementor-widget-image\" data-id=\"23ed810\" data-element_type=\"widget\" data-e-type=\"widget\" data-widget_type=\"image.default\">\n\t\t\t\t\t\t\t\t\t\t\t\t\t\t\t<img decoding=\"async\" width=\"250\" height=\"82\" src=\"https:\/\/opacksrl.it\/wp-content\/uploads\/2025\/09\/logo-opack-srl.svg\" class=\"attachment-large size-large wp-image-26\" alt=\"\" \/>\t\t\t\t\t\t\t\t\t\t\t\t\t\t\t<\/div>\n\t\t\t\t<\/div>\n\t\t<div class=\"elementor-element elementor-element-8f42276 e-flex e-con-boxed e-con e-parent\" data-id=\"8f42276\" data-element_type=\"container\" data-e-type=\"container\">\n\t\t\t\t\t<div class=\"e-con-inner\">\n\t\t\t\t<div class=\"elementor-element elementor-element-99d335b elementor-widget elementor-widget-heading\" data-id=\"99d335b\" data-element_type=\"widget\" data-e-type=\"widget\" data-widget_type=\"heading.default\">\n\t\t\t\t\t<h2 class=\"elementor-heading-title elementor-size-default\">SOLUZIONI SU MISURA<br>\nper ogni esigenza di imballaggio\n<\/h2>\t\t\t\t<\/div>\n\t\t\t\t<div class=\"elementor-element elementor-element-5e66fe7 elementor-widget elementor-widget-text-editor\" data-id=\"5e66fe7\" data-element_type=\"widget\" data-e-type=\"widget\" data-widget_type=\"text-editor.default\">\n\t\t\t\t\t\t\t\t\t<p>Dalla progettazione al confezionamento, offriamo imballaggi personalizzati in legno, cartone e materiali speciali, oltre a servizi di logistica, stampa digitale e magazzino conto terzi.<\/p>\t\t\t\t\t\t\t\t<\/div>\n\t\t\t\t\t<\/div>\n\t\t\t\t<\/div>\n\t\t<div class=\"elementor-element elementor-element-125249a e-flex e-con-boxed e-con e-parent\" data-id=\"125249a\" data-element_type=\"container\" data-e-type=\"container\" data-settings=\"{&quot;background_background&quot;:&quot;classic&quot;}\">\n\t\t\t\t\t<div class=\"e-con-inner\">\n\t\t<div class=\"elementor-element elementor-element-a3c0801 e-con-full e-flex e-con e-child\" data-id=\"a3c0801\" data-element_type=\"container\" data-e-type=\"container\">\n\t\t\t\t<div class=\"elementor-element elementor-element-a2bcb6e elementor-widget elementor-widget-text-editor\" data-id=\"a2bcb6e\" data-element_type=\"widget\" data-e-type=\"widget\" data-widget_type=\"text-editor.default\">\n\t\t\t\t\t\t\t\t\t<p>Hai bisogno di un preventivo personalizzato, informazioni sui nostri servizi o vuoi semplicemente metterti in contatto con il nostro team?<\/p><p><b>Chiamaci al +39 393 888 7590<\/b><\/p><p><b>oppure scrivici a info@opacksrl.it<\/b><\/p>\t\t\t\t\t\t\t\t<\/div>\n\t\t\t\t<\/div>\n\t\t<div class=\"elementor-element elementor-element-2eec8b3 e-con-full e-flex e-con e-child\" data-id=\"2eec8b3\" data-element_type=\"container\" data-e-type=\"container\">\n\t\t\t\t<div class=\"elementor-element elementor-element-9d709d8 elementor-widget elementor-widget-heading\" data-id=\"9d709d8\" data-element_type=\"widget\" data-e-type=\"widget\" data-widget_type=\"heading.default\">\n\t\t\t\t\t<h2 class=\"elementor-heading-title elementor-size-default\">Scarica la nostra presentazione<\/h2>\t\t\t\t<\/div>\n\t\t\t\t<div class=\"elementor-element elementor-element-37a379c elementor-view-default elementor-widget elementor-widget-icon\" data-id=\"37a379c\" data-element_type=\"widget\" data-e-type=\"widget\" data-widget_type=\"icon.default\">\n\t\t\t\t\t\t\t<div class=\"elementor-icon-wrapper\">\n\t\t\t<a class=\"elementor-icon\" href=\"https:\/\/opacksrl.it\/wp-content\/uploads\/2025\/09\/opack-presentazione-2025.pdf\" target=\"_blank\">\n\t\t\t<svg aria-hidden=\"true\" class=\"e-font-icon-svg e-fas-file-pdf\" viewBox=\"0 0 384 512\" xmlns=\"http:\/\/www.w3.org\/2000\/svg\"><path d=\"M181.9 256.1c-5-16-4.9-46.9-2-46.9 8.4 0 7.6 36.9 2 46.9zm-1.7 47.2c-7.7 20.2-17.3 43.3-28.4 62.7 18.3-7 39-17.2 62.9-21.9-12.7-9.6-24.9-23.4-34.5-40.8zM86.1 428.1c0 .8 13.2-5.4 34.9-40.2-6.7 6.3-29.1 24.5-34.9 40.2zM248 160h136v328c0 13.3-10.7 24-24 24H24c-13.3 0-24-10.7-24-24V24C0 10.7 10.7 0 24 0h200v136c0 13.2 10.8 24 24 24zm-8 171.8c-20-12.2-33.3-29-42.7-53.8 4.5-18.5 11.6-46.6 6.2-64.2-4.7-29.4-42.4-26.5-47.8-6.8-5 18.3-.4 44.1 8.1 77-11.6 27.6-28.7 64.6-40.8 85.8-.1 0-.1.1-.2.1-27.1 13.9-73.6 44.5-54.5 68 5.6 6.9 16 10 21.5 10 17.9 0 35.7-18 61.1-61.8 25.8-8.5 54.1-19.1 79-23.2 21.7 11.8 47.1 19.5 64 19.5 29.2 0 31.2-32 19.7-43.4-13.9-13.6-54.3-9.7-73.6-7.2zM377 105L279 7c-4.5-4.5-10.6-7-17-7h-6v128h128v-6.1c0-6.3-2.5-12.4-7-16.9zm-74.1 255.3c4.1-2.7-2.5-11.9-42.8-9 37.1 15.8 42.8 9 42.8 9z\"><\/path><\/svg>\t\t\t<\/a>\n\t\t<\/div>\n\t\t\t\t\t\t<\/div>\n\t\t\t\t<\/div>\n\t\t\t\t\t<\/div>\n\t\t\t\t<\/div>\n\t\t<div class=\"elementor-element elementor-element-f287a2b e-flex e-con-boxed e-con e-parent\" data-id=\"f287a2b\" data-element_type=\"container\" data-e-type=\"container\" data-settings=\"{&quot;background_background&quot;:&quot;classic&quot;}\">\n\t\t\t\t\t<div class=\"e-con-inner\">\n\t\t<div class=\"elementor-element elementor-element-3a97a09 e-con-full e-flex e-con e-child\" data-id=\"3a97a09\" data-element_type=\"container\" data-e-type=\"container\">\n\t\t\t\t<div class=\"elementor-element elementor-element-6b1ac39 elementor-view-default elementor-widget elementor-widget-icon\" data-id=\"6b1ac39\" data-element_type=\"widget\" data-e-type=\"widget\" data-widget_type=\"icon.default\">\n\t\t\t\t\t\t\t<div class=\"elementor-icon-wrapper\">\n\t\t\t<div class=\"elementor-icon\">\n\t\t\t<svg xmlns=\"http:\/\/www.w3.org\/2000\/svg\" xmlns:xlink=\"http:\/\/www.w3.org\/1999\/xlink\" id=\"Livello_2\" data-name=\"Livello 2\" viewBox=\"0 0 250 82.45\"><defs><style>      .cls-1 {        fill: #485156;      }      .cls-2 {        fill: #fff;      }      .cls-3 {        fill: url(#Sfumatura_senza_nome_3);      }    <\/style><linearGradient id=\"Sfumatura_senza_nome_3\" data-name=\"Sfumatura senza nome 3\" x1=\"3.66\" y1=\"32.02\" x2=\"54.05\" y2=\"32.02\" gradientUnits=\"userSpaceOnUse\"><stop offset=\".4\" stop-color=\"#b6b9bb\"><\/stop><stop offset=\".83\" stop-color=\"#485156\"><\/stop><\/linearGradient><\/defs><g id=\"Livello_1-2\" data-name=\"Livello 1\"><g><path class=\"cls-1\" d=\"M51.74,16.92C45.97,2.89,30.9-3.5,16.74,2.33,2.58,8.15-3.63,23.3,2.15,37.33c5.77,14.03,20.84,20.42,35.01,14.59,14.16-5.83,20.36-20.98,14.59-35.01ZM33.98,44.21c-9.37,3.86-19.45-.78-23.39-10.35-3.94-9.57-.05-19.96,9.32-23.82,9.37-3.86,19.45.78,23.39,10.35,3.94,9.57.05,19.96-9.32,23.82Z\"><\/path><path class=\"cls-2\" d=\"M17.45,26.39c6.78-1.12,19.4-.36,26.09-10.5,2.92-4.43,2.71-7.55.67-9.82C38.69-.2,26.31-1.79,16.76,2.14,9.6,5.08,4.37,10.71,1.76,17.33c2.47-2.66,7.05-9.35,17.18-10.88,13.73-2.07,13.43,6.34,13.43,6.34,0,0,.78,4.74-10.6,8.25-8.95,2.77-24.19,5.55-18.11,19.15l10.2-7.74c-1.16-2.47-.29-5.42,3.59-6.06Z\"><\/path><path class=\"cls-3\" d=\"M52.05,18.01c-1.47-3.58-1.85-5.24-4.21-7.8,4.05,6.17-.77,15.13-6,19.64-14.78,11.03-25.11,5.61-26.08,4.9-.86-.63-1.51-1.44-1.91-2.3l-10.2,7.74c.03.06.05.12.08.19,6.36,11.53,20.14,16.73,33.4,11.27,13.85-5.7,20.54-19.96,14.91-33.63Z\"><\/path><path class=\"cls-2\" d=\"M62.16.72h14.89c5.75,0,11.35.37,15.85,2.8,4.64,2.51,8.11,7.08,8.11,13.78,0,6.26-3.02,10.91-7.44,13.56-4.35,2.58-10.1,3.17-17.47,3.17h-4.57v20.05h-9.36V.72ZM76.83,26.22c5.45,0,8.55-.22,11.06-1.7,2.36-1.4,3.76-3.69,3.76-6.93,0-3.46-1.62-5.82-4.35-7.15-2.65-1.33-6.04-1.4-10.61-1.4h-5.16v17.17h5.31Z\"><\/path><path class=\"cls-2\" d=\"M151.42,54.19h-9.99l-5.11-13.1h-23.09l-5.18,13.1h-9.69L120.34.61h9.18l21.91,53.58ZM116.27,33.4h17.02l-3.11-8.07c-1.85-4.81-3.63-9.55-5.33-14.36h-.15c-1.78,4.96-3.48,9.55-5.33,14.36l-3.11,8.07Z\"><\/path><path class=\"cls-2\" d=\"M196.3,50.48c-4.31,2.52-9.92,3.74-15.24,3.74-16.32,0-27.82-11.5-27.82-26.67S164.45.59,180.99.59c5.32,0,11.39,1.43,15.16,4.09v9.58c-4.28-3.85-9.77-5.41-15.16-5.41-11,0-18.62,7.98-18.62,18.55s7.55,18.48,19.12,18.48c5.54,0,10.64-1.87,14.81-5.03v9.63Z\"><\/path><path class=\"cls-2\" d=\"M207.17.69h9.17v23.91l.15.07L237.07.69h11.05l-21.6,24.79,23.47,28.63h-11.56l-21.96-27.16-.15.07v27.08h-9.17V.69Z\"><\/path><path class=\"cls-2\" d=\"M44.21,6.07s4.69,4.63-1.63,12.18c-6.18,7.39-21,10.11-21,10.11,0,0-8.01,1.81-8.51,6.04-.84,7.11,9.09,11.19,19.75,7.02,10.11-3.96,24.86-15.53,14.98-31.24,0,0,9.98,9.95,5.08,25.71-5.54,17.84-31,23.97-43.69,12.18,0,0-8.54-7.13-5.93-16.03,0,0,1.61-4.5,7.25-6.34,5.64-1.84,16.42-2.19,21.44-3.72,5.58-1.7,18-9.04,12.24-15.91Z\"><\/path><g><path class=\"cls-2\" d=\"M42.21,73.99l-4.24-6.02h2.24l1.59,2.32c.49.71.95,1.41,1.38,2.06h.03c.42-.65.91-1.38,1.39-2.09l1.56-2.29h2.17l-4.2,6v4.97h-1.92v-4.96Z\"><\/path><path class=\"cls-2\" d=\"M51,71.32c2.32,0,4.05,1.7,4.05,3.89s-1.73,3.89-4.05,3.89-4.05-1.7-4.05-3.89,1.73-3.89,4.05-3.89ZM51,77.51c1.27,0,2.21-1,2.21-2.29s-.94-2.29-2.21-2.29-2.21,1-2.21,2.29.94,2.29,2.21,2.29Z\"><\/path><path class=\"cls-2\" d=\"M61.78,78.11c-.62.58-1.42,1-2.43,1-.82,0-1.53-.29-1.99-.79-.45-.5-.67-1.18-.67-2.26v-4.58h1.83v4.27c0,.67.11,1.06.33,1.32.27.32.64.41.99.41.73,0,1.44-.41,1.94-.97v-5.03h1.83v7.46h-1.82v-.82l-.03-.02Z\"><\/path><path class=\"cls-2\" d=\"M65.79,71.49h1.82v1.05l.03.02c.52-.73,1.29-1.14,2.17-1.14.17,0,.33.02.5.06v1.76c-.18-.05-.36-.08-.61-.08-.86,0-1.56.38-2.08,1.11v4.68h-1.83v-7.46Z\"><\/path><path class=\"cls-2\" d=\"M77.08,82.28h-1.83v-10.79h1.82v.42l.03.02c.5-.35,1.17-.61,1.99-.61,1.95,0,3.56,1.53,3.56,3.85s-1.73,3.94-3.89,3.94c-.67,0-1.23-.15-1.64-.35l-.03.02v3.5ZM78.63,77.58c1.33,0,2.17-.99,2.17-2.3s-.82-2.38-2.12-2.38c-.58,0-1.15.2-1.59.55v3.73c.38.21.94.41,1.55.41Z\"><\/path><path class=\"cls-2\" d=\"M85.73,75.72c.23,1.24,1.21,1.88,2.47,1.88.94,0,1.82-.35,2.55-.86v1.68c-.7.44-1.76.7-2.73.7-2.39,0-4.15-1.55-4.15-3.88s1.77-3.91,3.8-3.91c1.85,0,3.49,1.26,3.49,3.65,0,.24-.02.55-.05.74h-5.38ZM89.45,74.44c-.14-1.12-.95-1.64-1.79-1.64s-1.7.52-1.92,1.64h3.71Z\"><\/path><path class=\"cls-2\" d=\"M92.92,71.49h1.82v1.05l.03.02c.52-.73,1.29-1.14,2.17-1.14.17,0,.33.02.5.06v1.76c-.18-.05-.36-.08-.61-.08-.86,0-1.56.38-2.08,1.11v4.68h-1.83v-7.46Z\"><\/path><path class=\"cls-2\" d=\"M98.52,76.78c.94.58,2.08.83,2.89.83s1.36-.24,1.36-.8c0-.74-.95-.71-2.09-.95-1.42-.3-2.39-.8-2.39-2.15.02-1.56,1.36-2.38,3.15-2.38.89,0,1.97.18,2.76.59v1.67c-.91-.51-2-.76-2.76-.76s-1.3.23-1.3.74c0,.7.94.68,2.05.91,1.42.3,2.44.76,2.44,2.18,0,1.68-1.49,2.46-3.24,2.46-.92,0-2.03-.2-2.86-.62v-1.71Z\"><\/path><path class=\"cls-2\" d=\"M109.83,71.32c2.32,0,4.05,1.7,4.05,3.89s-1.73,3.89-4.05,3.89-4.05-1.7-4.05-3.89,1.73-3.89,4.05-3.89ZM109.83,77.51c1.27,0,2.21-1,2.21-2.29s-.94-2.29-2.21-2.29-2.21,1-2.21,2.29.94,2.29,2.21,2.29Z\"><\/path><path class=\"cls-2\" d=\"M115.54,71.49h1.82v.8l.03.02c.62-.56,1.47-.99,2.46-.99.8,0,1.5.27,1.97.79.44.47.64,1.09.64,2.2v4.64h-1.83v-4.32c0-.67-.09-1.03-.3-1.27-.23-.27-.56-.41-.99-.41-.73,0-1.49.42-1.95.94v5.06h-1.83v-7.46Z\"><\/path><path class=\"cls-2\" d=\"M128.83,78.4c-.45.36-1.23.71-2.21.71-.61,0-1.23-.14-1.73-.5-.51-.38-.83-.97-.83-1.71,0-.82.39-1.42.95-1.8s1.32-.52,2.09-.52c.51,0,.99.06,1.44.17v-.44c0-.45-.12-.79-.36-1.02-.27-.24-.7-.36-1.26-.36-.89,0-1.67.3-2.24.67v-1.67c.59-.33,1.46-.61,2.52-.61.97,0,1.83.23,2.39.7.5.42.79,1.06.79,1.99v2.86c0,.41.15.7.52.7.14,0,.29-.05.41-.11v1.44c-.23.11-.55.18-.91.18-.61,0-1.18-.21-1.53-.68h-.03ZM128.54,75.95c-.33-.09-.79-.15-1.15-.15-.76,0-1.5.24-1.5.97,0,.61.53.89,1.18.89.56,0,1.11-.2,1.47-.45v-1.26Z\"><\/path><path class=\"cls-2\" d=\"M132.65,67.37h1.83v11.58h-1.83v-11.58Z\"><\/path><path class=\"cls-2\" d=\"M142.1,82.28h-1.83v-10.79h1.82v.42l.03.02c.5-.35,1.17-.61,1.99-.61,1.95,0,3.56,1.53,3.56,3.85s-1.73,3.94-3.89,3.94c-.67,0-1.23-.15-1.64-.35l-.03.02v3.5ZM143.65,77.58c1.33,0,2.17-.99,2.17-2.3s-.82-2.38-2.12-2.38c-.58,0-1.15.2-1.59.55v3.73c.38.21.94.41,1.55.41Z\"><\/path><path class=\"cls-2\" d=\"M153.62,78.4c-.45.36-1.23.71-2.21.71-.61,0-1.23-.14-1.73-.5-.51-.38-.83-.97-.83-1.71,0-.82.39-1.42.95-1.8s1.32-.52,2.09-.52c.51,0,.99.06,1.44.17v-.44c0-.45-.12-.79-.36-1.02-.27-.24-.7-.36-1.26-.36-.89,0-1.67.3-2.24.67v-1.67c.59-.33,1.46-.61,2.52-.61.97,0,1.83.23,2.39.7.5.42.79,1.06.79,1.99v2.86c0,.41.15.7.52.7.14,0,.29-.05.41-.11v1.44c-.23.11-.55.18-.91.18-.61,0-1.18-.21-1.53-.68h-.03ZM153.33,75.95c-.33-.09-.79-.15-1.15-.15-.76,0-1.5.24-1.5.97,0,.61.53.89,1.18.89.56,0,1.11-.2,1.47-.45v-1.26Z\"><\/path><path class=\"cls-2\" d=\"M163.4,78.55c-.68.38-1.55.56-2.33.56-2.39,0-4.12-1.64-4.12-3.86s1.88-3.93,4.21-3.93c.8,0,1.55.2,2.12.48v1.79c-.65-.42-1.38-.68-2.09-.68-1.44,0-2.39,1.02-2.39,2.32s1,2.27,2.42,2.27c.79,0,1.59-.27,2.18-.74v1.79Z\"><\/path><path class=\"cls-2\" d=\"M165.19,67.37h1.83v7.34l.03.02,2.97-3.23h2.18l-3.12,3.33,3.41,4.12h-2.26l-3.18-3.93-.03.02v3.91h-1.83v-11.58Z\"><\/path><path class=\"cls-2\" d=\"M177.62,78.4c-.46.36-1.23.71-2.21.71-.61,0-1.23-.14-1.73-.5-.51-.38-.83-.97-.83-1.71,0-.82.39-1.42.95-1.8s1.32-.52,2.09-.52c.51,0,.99.06,1.44.17v-.44c0-.45-.12-.79-.36-1.02-.27-.24-.7-.36-1.26-.36-.89,0-1.67.3-2.24.67v-1.67c.59-.33,1.46-.61,2.52-.61.97,0,1.83.23,2.39.7.5.42.79,1.06.79,1.99v2.86c0,.41.15.7.52.7.14,0,.29-.05.41-.11v1.44c-.23.11-.55.18-.91.18-.61,0-1.18-.21-1.53-.68h-.03ZM177.33,75.95c-.33-.09-.79-.15-1.15-.15-.76,0-1.5.24-1.5.97,0,.61.53.89,1.18.89.56,0,1.11-.2,1.47-.45v-1.26Z\"><\/path><path class=\"cls-2\" d=\"M181.98,80.08c.73.47,1.58.76,2.39.76,1.27,0,2.11-.71,2.11-1.97v-.47l-.03-.03c-.48.35-1.2.55-1.89.55-1.92,0-3.56-1.47-3.56-3.68s1.5-3.91,3.86-3.91c.74,0,1.36.17,1.88.42l1.58-.27v7.38c0,2.26-1.55,3.59-3.88,3.59-.94,0-1.82-.23-2.46-.55v-1.82ZM186.48,73.31c-.39-.23-.97-.39-1.53-.39-1.33,0-2.11,1.02-2.11,2.23,0,1.29.83,2.24,2.11,2.24.55,0,1.14-.18,1.53-.47v-3.61Z\"><\/path><path class=\"cls-2\" d=\"M191.41,67.88c.62,0,1.14.52,1.14,1.14s-.51,1.14-1.15,1.14-1.14-.52-1.14-1.14.52-1.14,1.15-1.14ZM190.48,71.49h1.83v7.46h-1.83v-7.46Z\"><\/path><path class=\"cls-2\" d=\"M194.47,71.49h1.82v.8l.03.02c.62-.56,1.47-.99,2.46-.99.8,0,1.5.27,1.97.79.44.47.64,1.09.64,2.2v4.64h-1.83v-4.32c0-.67-.09-1.03-.3-1.27-.23-.27-.56-.41-.99-.41-.73,0-1.49.42-1.95.94v5.06h-1.83v-7.46Z\"><\/path><path class=\"cls-2\" d=\"M204.04,80.08c.73.47,1.58.76,2.39.76,1.27,0,2.11-.71,2.11-1.97v-.47l-.03-.03c-.48.35-1.2.55-1.89.55-1.92,0-3.56-1.47-3.56-3.68s1.5-3.91,3.86-3.91c.74,0,1.36.17,1.88.42l1.58-.27v7.38c0,2.26-1.55,3.59-3.88,3.59-.94,0-1.82-.23-2.46-.55v-1.82ZM208.54,73.31c-.39-.23-.97-.39-1.53-.39-1.33,0-2.11,1.02-2.11,2.23,0,1.29.83,2.24,2.11,2.24.55,0,1.14-.18,1.53-.47v-3.61Z\"><\/path><\/g><\/g><\/g><\/svg>\t\t\t<\/div>\n\t\t<\/div>\n\t\t\t\t\t\t<\/div>\n\t\t\t\t<div class=\"elementor-element elementor-element-ceab0c9 elementor-widget elementor-widget-text-editor\" data-id=\"ceab0c9\" data-element_type=\"widget\" data-e-type=\"widget\" data-widget_type=\"text-editor.default\">\n\t\t\t\t\t\t\t\t\tOperiamo dal 2018 nel settore degli imballi industriali. Nonostante la giovane et\u00e0, possiede gi\u00e0 una grande esperienza per ci\u00f2 che concerne il mondo degli imballaggi industriali.\t\t\t\t\t\t\t\t<\/div>\n\t\t\t\t<\/div>\n\t\t<div class=\"elementor-element elementor-element-1d22b1a e-con-full e-flex e-con e-child\" data-id=\"1d22b1a\" data-element_type=\"container\" data-e-type=\"container\">\n\t\t\t\t<div class=\"elementor-element elementor-element-54ab439 elementor-widget elementor-widget-text-editor\" data-id=\"54ab439\" data-element_type=\"widget\" data-e-type=\"widget\" data-widget_type=\"text-editor.default\">\n\t\t\t\t\t\t\t\t\t<p class=\"p1\">Sede legale e operativa: Via Ferrovie dello stato &#8211; Zona ASI &#8211; 80014 Giugliano in Campania (NA)<\/p><p class=\"p1\">Seconda sede operativa: Via Torino 168 &#8211; 10093 Collegno (TO)<\/p>\t\t\t\t\t\t\t\t<\/div>\n\t\t\t\t<\/div>\n\t\t\t\t\t<\/div>\n\t\t\t\t<\/div>\n\t\t<div class=\"elementor-element elementor-element-bfd995c e-flex e-con-boxed e-con e-parent\" data-id=\"bfd995c\" data-element_type=\"container\" data-e-type=\"container\" data-settings=\"{&quot;background_background&quot;:&quot;classic&quot;}\">\n\t\t\t\t\t<div class=\"e-con-inner\">\n\t\t\t\t<div class=\"elementor-element elementor-element-804b01f elementor-widget elementor-widget-text-editor\" data-id=\"804b01f\" data-element_type=\"widget\" data-e-type=\"widget\" data-widget_type=\"text-editor.default\">\n\t\t\t\t\t\t\t\t\t<p>Opack srl \u00a92025 &#8211; Sito in aggiornamento<\/p>\t\t\t\t\t\t\t\t<\/div>\n\t\t\t\t\t<\/div>\n\t\t\t\t<\/div>\n\t\t\t\t<\/div>\n\t\t","protected":false},"excerpt":{"rendered":"<p>SOLUZIONI SU MISURA per ogni esigenza di imballaggio Dalla progettazione al confezionamento, offriamo imballaggi personalizzati in legno, cartone e materiali speciali, oltre a servizi di logistica, stampa digitale e magazzino conto terzi. Hai bisogno di un preventivo personalizzato, informazioni sui nostri servizi o vuoi semplicemente metterti in contatto con il nostro team? Chiamaci al +39 [&hellip;]<\/p>\n","protected":false},"author":1,"featured_media":0,"parent":0,"menu_order":0,"comment_status":"closed","ping_status":"closed","template":"elementor_canvas","meta":{"footnotes":""},"class_list":["post-9","page","type-page","status-publish","hentry"],"_links":{"self":[{"href":"https:\/\/opacksrl.it\/index.php\/wp-json\/wp\/v2\/pages\/9","targetHints":{"allow":["GET"]}}],"collection":[{"href":"https:\/\/opacksrl.it\/index.php\/wp-json\/wp\/v2\/pages"}],"about":[{"href":"https:\/\/opacksrl.it\/index.php\/wp-json\/wp\/v2\/types\/page"}],"author":[{"embeddable":true,"href":"https:\/\/opacksrl.it\/index.php\/wp-json\/wp\/v2\/users\/1"}],"replies":[{"embeddable":true,"href":"https:\/\/opacksrl.it\/index.php\/wp-json\/wp\/v2\/comments?post=9"}],"version-history":[{"count":31,"href":"https:\/\/opacksrl.it\/index.php\/wp-json\/wp\/v2\/pages\/9\/revisions"}],"predecessor-version":[{"id":50,"href":"https:\/\/opacksrl.it\/index.php\/wp-json\/wp\/v2\/pages\/9\/revisions\/50"}],"wp:attachment":[{"href":"https:\/\/opacksrl.it\/index.php\/wp-json\/wp\/v2\/media?parent=9"}],"curies":[{"name":"wp","href":"https:\/\/api.w.org\/{rel}","templated":true}]}}